{"id":2218,"date":"2019-03-14T12:41:23","date_gmt":"2019-03-14T11:41:23","guid":{"rendered":"http:\/\/sigma-plus.hr\/?page_id=2218"},"modified":"2019-03-14T12:41:23","modified_gmt":"2019-03-14T11:41:23","slug":"pravila-privatnosti","status":"publish","type":"page","link":"https:\/\/test.sigma-plus.hr\/?page_id=2218","title":{"rendered":"Pravila privatnosti"},"content":{"rendered":"\n<h3 class=\"wp-block-heading\"><strong>\u0160to su to &#8220;kola\u010di\u0107i&#8221; <\/strong>(eng. cookie)<\/h3>\n\n\n\n<p>Kola\u010di\u0107i su male tekstualne datoteke koje internetska stranica putem va\u0161eg internetskog preglednika pohranjuje na va\u0161em ra\u010dunalu ili mobilnom ure\u0111aju. Kola\u010di\u0107i se posvuda upotrebljavaju za spremanje va\u0161ih preferencija kako bi internetske stranice radile u\u010dinkovitije. Upotrebljavaju se i za pra\u0107enje va\u0161e uporabe interneta i izradu korisni\u010dkih profila, a potom za prikaz prilago\u0111enih internetskih oglasa na temelju va\u0161ih preferencija.<\/p>\n\n\n\n<p>Svaka internetska stranica koja \u017eeli upotrebljavati kola\u010di\u0107e mora dobiti va\u0161u privolu prije postavljanja kola\u010di\u0107a na va\u0161em ra\u010dunalu ili mobilnom ure\u0111aju. Ne smiju vas jednostavno obavijestiti o uporabi kola\u010di\u0107a ili vam objasniti kako ih mo\u017eete isklju\u010diti.<\/p>\n\n\n\n<p>Internetske stranice trebale bi vam objasniti kako \u0107e se upotrebljavati podaci iz kola\u010di\u0107a. Morali biste imati mogu\u0107nost povu\u0107i svoju privolu. Ako se odlu\u010dite na to, internetska stranica vam i dalje mora pru\u017eiti najmanju mogu\u0107u uslugu, primjerice pru\u017eiti vam pristup dijelu stranice.<\/p>\n\n\n\n<p>Privola nije nu\u017ena za sve kola\u010di\u0107e. Za kola\u010di\u0107e koji se upotrebljavaju isklju\u010divo u svrhu prijenosa poruke nije potrebna privola. To naprimjer uklju\u010duje kola\u010di\u0107e koji se koriste za \u201euravnote\u017eenje optere\u0107enja&#8221; (tj. omogu\u0107uju da se zahtjevi upu\u0107eni poslu\u017eitelju dijele na vi\u0161e ure\u0111aja, a ne samo jedan). Privola tako\u0111er nije potrebna za kola\u010di\u0107e koji su neophodni za pru\u017eanje usluge koju ste izri\u010dito zatra\u017eili. To uklju\u010duje primjerice kola\u010di\u0107e koji se upotrebljavaju kad ispunite internetski obrazac ili kada se koristite ko\u0161aricom pri kupnji na internetu.<\/p>\n\n\n\n<hr class=\"wp-block-separator has-css-opacity\"\/>\n\n\n\n<p>SIGMA PLUS d.o.o.<br>Splitska 38,  21300 Makarska <br>OIB: 25878895282  \/  MB: 0742856<br> tel. +385 21 679 851 <\/p>\n\n\n\n<h3 class=\"wp-block-heading\">PRAVILNIK O ZA\u0160TITI OSOBNIH PODATAKA<\/h3>\n\n\n\n<p><strong>\u010clanak 1.<\/strong><br>Ovim se Pravilnikom propisuje na\u010din uskla\u0111ivanja odgovaraju\u0107ih tehni\u010dkih i organizacijskih mjera kako bi se osiguralo i moglo dokazat da se obrada provodi u skladu s Uredbom Europske unije 2016\/679 Europskog parlamenta i Vije\u0107a od 27.travnja 2016. o za\u0161tt pojedinca u vezi s obradom osobnih podataka i slobodnom kretanju takvih podataka te o sastavljanju izvan snage Direktve 95\/46\/EZ (Op\u0107a uredba o za\u0161tt podataka), Slu\u017ebeni list Europske unije, L 119, 4. svibnja 2016. (dalje Uredba).<\/p>\n\n\n\n<p><strong>\u010clanak 2.<\/strong><br> Voditelj obrade osobnih podataka zakonito obra\u0111uje osobne podatke na temelju sljede\u0107e\/sljede\u0107ih zakonitost osnova obrade navodi neku ili sve svrhe:<\/p>\n\n\n\n<ul class=\"wp-block-list\"><li>privole ispitanika<\/li><li>nu\u017enost radi izvr\u0161enja ugovora u kojoj je ispitanik stranka<\/li><li>zakonske obveze voditelja obrade Voditelj obrade obra\u0111uje i vodi sljede\u0107e kategorije osobnih podataka:<\/li><li>osobne podatke zaposlenika<\/li><li>osobne podatke kupaca<\/li><li>osobne podatke dobavlja\u010da<\/li><li>osobne podatke osoba koji se na\u0111u u krugu Dru\u0161tva \u2013 videonadzor<\/li><li>osobne podatke zaposlenih koje obra\u0111uje kao izvr\u0161itelj obrade (pru\u017eanje usluga vo\u0111enja knjiga i obra\u010dun pla\u0107a)<\/li><li>osobne podatke kupaca koje obra\u0111uje kao izvr\u0161itelj obrade (pru\u017eanje usluga vo\u0111enja knjiga)<\/li><li>osobne podatke dobavlja\u010da koje obra\u0111uje kao izvr\u0161itelj obrade (pru\u017eanje usluga vo\u0111enja knjiga)<\/li><\/ul>\n\n\n\n<p><strong>\u010clanak 3.<\/strong><br>Ovisno o kategoriji osobnih podataka, voditelj obrade obra\u0111uje osobne podatke, s tm da prikuplja isklju\u010divo onu koli\u010dinu osobnih podataka nu\u017enu za ostvarivanje svrhe obrade osnovnih podataka.<br>Voditelj obrade ima obvezu brisat osobne podatke koje obra\u0111uje nakon \u0161to prestane nu\u017enost za svrhu  obrade ili ih periodi\u010dki preispitat ako postoji zakonska obveza \u010duvanja osobnih podataka trajno ili odre\u0111eno razdoblje u skladu s va\u017ee\u0107im propisima.<\/p>\n\n\n\n<p><strong>\u010clanak 4.<\/strong><br>Voditelj obrade ima obvezu obrade samo onih osobnih podataka koji su nu\u017eni za svaku posebnu svrhu  obrade, odnosno podataka koji moraju bit primjereni i relevantni za svrhu. Voditelj obrade podatke \u010duva u  pisanom i elektroni\u010dkom obliku.<br>Voditelj obrade obra\u0111uje osobne podatke te vodi Zbirke osobih podataka za sljede\u0107e svrhe:<\/p>\n\n\n\n<ul class=\"wp-block-list\"><li>evidencija zaposlenika<\/li><li>evidencija osobnih podataka kupaca<\/li><li>evidencija osobnih podataka dobavlja\u010da<\/li><li>evidencija videonadzora<\/li><\/ul>\n\n\n\n<p><strong>\u010clanak 5.<\/strong><br>Voditelj obrade ima obvezu osobne podatke a\u017eurirat, odnosno mora svaku promjenu osobnog podatka unijet u Evidenciju aktvnost obrade, uz primjenu svih ostalih kriterija postavljenih na\u010delima obrade osobnih podataka.<\/p>\n\n\n\n<p><strong>\u010clanak 6.<\/strong><br>Voditelj obrade obra\u0111uje osobne podatke na na\u010din koji jam\u010di sigurnost osobnih podataka, tako da su  za\u0161t\u0107eni od neovla\u0161tenog pristupa, nezakonite obrade, slu\u010dajnog gubitka, uni\u0161tenja ili o\u0161te\u0107enja.<br>Voditelj obrade sve navedeno u st. 1. ovog \u010dlanka provodi organizacijskim i tehni\u010dkim mjerama.<br>Voditelj obrade provodi sljede\u0107e informacijske, organizacijske i tehni\u010dke mjere:<\/p>\n\n\n\n<ul class=\"wp-block-list\"><li>za\u0161ttu sustava od internih, eksternih rizika<\/li><li>za\u0161tta neovla\u0161tenog pristupa<\/li><li>za\u0161tta podataka u fzi\u010dkom obliku<\/li><li>minimiziranje obrade<\/li><li>propisivanje pravila \u2013 politku za\u0161tte podataka<\/li><li>nadle\u017enost i odgovornost vlasnika podataka<\/li><li>periodi\u010dku obuku osoblja<\/li><\/ul>\n\n\n\n<p><strong>\u010clanak 7.<\/strong><br>Ispitanik \u0107e o svakoj obradi osobnih podataka bit informiran kako se osobni podaci koji se odnose na njega: prikupljaju, upotrebljavaju, daju na uvid ili na drugi na\u010din obra\u0111uju te do koje se mjere t osobni podaci obra\u0111uju ili \u0107e se obra\u0111ivat.<br>Svaka informacija i komunikacija u vezi s obradom osobnih podataka ispitaniku je lako dostupna i  razumljiva jer se prilikom informiranja ispitanika slu\u017ei jasnim i jednostavnim jezikom.<br>Ispitanik je upoznat s identtetom voditelja obrade i svrhama obrade na internetskim stranicama voditelja  obrade ili u prostorijama sjedi\u0161ta\/poslovnog prostora voditelja obrade.<br>Voditelj obrade upoznat \u0107e ispitanika s rizicima, pravilima, za\u0161ttnim mjerama i pravima u vezi s obradom osobnih podataka i na\u010dinom ostvarenja svojih prava u vezi s obradom putem internetske stranice voditelja obrade ili u prostorijama sjedi\u0161ta\/poslovnog prostora voditelja obrade.<br>Ispitanik koji smatra da mu je povrije\u0111eno neko pravo zajam\u010deno Zakonom o za\u0161tt osobnih podataka ima pravo podnijet prigovor Voditelju obrade, a voditelj je du\u017ean najkasnije u roku od 30 dana od podno\u0161enja zahtjeva na ist odgovorit. Prigovor se mo\u017ee podnijet podno\u0161enjem zahtjeva na kontakt podatke slu\u017ebenika za za\u0161ttu osobnih podataka objavljenima na internet stranicama Voditelja obrade.<br>Ispitanik ima pravo podnijet zahtjev za utvr\u0111ivanje povrede prava Agenciji za za\u0161tt osobnih podataka.<\/p>\n\n\n\n<p><strong>\u010clanak 8.<\/strong><br>Ovaj Pravilnik slu\u017ei kao op\u0107i akt voditelja obrade, s tm da projekt uskla\u0111enja u odnosu na cjelokupni proces poslovanja kako i odnose s izvr\u0161iteljima obreda i tehni\u010dkim slu\u017ebama (bilo unutarnjim ili vanjskim) \u010dine sastavni dio ovog Pravilnika.<\/p>\n\n\n\n<p><strong>\u010clanak 9.<\/strong><br>Pravilnik se mo\u017ee mijenjat i dopunjavat na jednak na\u010din i prema jednakom postupku u skladu s kojim je donesen.<\/p>\n\n\n\n<p><strong>\u010clanak 10.<\/strong><br>Pravinik stupa na snagu i primjenjuje se danom njegove objave na internet stranicama voditelja obrade, s tm da ne mo\u017ee bit objavljen prije okon\u010danja postupka uskla\u0111enja s Uredbom.<\/p>\n","protected":false},"excerpt":{"rendered":"<p>\u0160to su to &#8220;kola\u010di\u0107i&#8221; (eng. cookie) Kola\u010di\u0107i su male tekstualne datoteke koje internetska stranica putem va\u0161eg internetskog preglednika pohranjuje na va\u0161em ra\u010dunalu ili mobilnom ure\u0111aju. Kola\u010di\u0107i se posvuda upotrebljavaju za spremanje va\u0161ih preferencija kako&#46;&#46;&#46;<\/p>\n","protected":false},"author":1,"featured_media":0,"parent":0,"menu_order":0,"comment_status":"closed","ping_status":"closed","template":"","meta":{"footnotes":""},"class_list":["post-2218","page","type-page","status-publish","hentry"],"_links":{"self":[{"href":"https:\/\/test.sigma-plus.hr\/index.php?rest_route=\/wp\/v2\/pages\/2218","targetHints":{"allow":["GET"]}}],"collection":[{"href":"https:\/\/test.sigma-plus.hr\/index.php?rest_route=\/wp\/v2\/pages"}],"about":[{"href":"https:\/\/test.sigma-plus.hr\/index.php?rest_route=\/wp\/v2\/types\/page"}],"author":[{"embeddable":true,"href":"https:\/\/test.sigma-plus.hr\/index.php?rest_route=\/wp\/v2\/users\/1"}],"replies":[{"embeddable":true,"href":"https:\/\/test.sigma-plus.hr\/index.php?rest_route=%2Fwp%2Fv2%2Fcomments&post=2218"}],"version-history":[{"count":0,"href":"https:\/\/test.sigma-plus.hr\/index.php?rest_route=\/wp\/v2\/pages\/2218\/revisions"}],"wp:attachment":[{"href":"https:\/\/test.sigma-plus.hr\/index.php?rest_route=%2Fwp%2Fv2%2Fmedia&parent=2218"}],"curies":[{"name":"wp","href":"https:\/\/api.w.org\/{rel}","templated":true}]}}